{"id":9675,"date":"2022-04-15T15:54:04","date_gmt":"2022-04-15T12:54:04","guid":{"rendered":"https:\/\/ehasa.org\/ota-yhteytta\/"},"modified":"2026-01-27T18:29:05","modified_gmt":"2026-01-27T16:29:05","slug":"ota-yhteytta","status":"publish","type":"page","link":"https:\/\/ehasa.org\/fi\/ota-yhteytta\/","title":{"rendered":"Ota yhteytt\u00e4"},"content":{"rendered":"\t\t<div data-elementor-type=\"wp-page\" data-elementor-id=\"9675\" class=\"elementor elementor-9675 elementor-4746\">\n\t\t\t\t\t\t<section class=\"elementor-section elementor-top-section elementor-element elementor-element-5016b8e elementor-section-full_width qodef-elementor-content-grid elementor-section-height-default elementor-section-height-default qodef-elementor-background-lines-no\" data-id=\"5016b8e\" data-element_type=\"section\" data-e-type=\"section\">\n\t\t\t\t\t\t<div class=\"elementor-container elementor-column-gap-no\">\n\t\t\t\t\t<div class=\"elementor-column elementor-col-50 elementor-top-column elementor-element elementor-element-2ecb9fa\" data-id=\"2ecb9fa\" data-element_type=\"column\" data-e-type=\"column\">\n\t\t\t<div class=\"elementor-widget-wrap elementor-element-populated\">\n\t\t\t\t\t\t<div class=\"elementor-element elementor-element-10752cd elementor-widget elementor-widget-text-editor\" data-id=\"10752cd\" data-element_type=\"widget\" data-e-type=\"widget\" data-widget_type=\"text-editor.default\">\n\t\t\t\t<div class=\"elementor-widget-container\">\n\t\t\t\t\t\t\t\t\t<p>Suorissa kysymyksiss\u00e4 saat meihin parhaiten yhteyden s\u00e4hk\u00f6postitse. Vastaamme kiireellisiin kysymyksiin my\u00f6s puhelimitse.<\/p>\n<p>Discord-kanavallamme saat my\u00f6s vastauksia tapahtumiin liittyviin yleisiin kysymyksiin ja voit yleisesti keskustella mist\u00e4 tahansa aiheesta.<\/p>\t\t\t\t\t\t\t\t<\/div>\n\t\t\t\t<\/div>\n\t\t\t\t<div class=\"elementor-element elementor-element-26395b7 elementor-widget__width-initial elementor-widget elementor-widget-dogood_core_info_section\" data-id=\"26395b7\" data-element_type=\"widget\" data-e-type=\"widget\" data-widget_type=\"dogood_core_info_section.default\">\n\t\t\t\t<div class=\"elementor-widget-container\">\n\t\t\t\t\t<div class=\"qodef-shortcode qodef-m  qodef-info-section qodef-layout--standard \">\n\t<div class=\"qodef-m-info\">\n\t\t\t<h5 class=\"qodef-m-title\" >\n\t\tContact us\t<\/h5>\n\t\t\t<div class=\"qodef-m-text\" >\n\t\t<div style=\"margin-top: 7px;margin-bottom: 7px\"><a href=\"tel:+358400232630\">+358 400 232 630<\/a><\/div>\n<div style=\"margin-bottom: 7px\"><a href=\"mailto:info@ehasa.org\">info@ehasa.org<\/a><\/div>\n<div style=\"margin-bottom: 7px\"><a href=\"mailto:info@kuulaportti.fi\">info@kuulaportti.fi<\/a><\/div>\t<\/div>\n\t\t\t<\/div>\n<\/div>\n\t\t\t\t<\/div>\n\t\t\t\t<\/div>\n\t\t\t\t<div class=\"elementor-element elementor-element-04337a6 elementor-widget__width-initial elementor-widget elementor-widget-dogood_core_info_section\" data-id=\"04337a6\" data-element_type=\"widget\" data-e-type=\"widget\" data-widget_type=\"dogood_core_info_section.default\">\n\t\t\t\t<div class=\"elementor-widget-container\">\n\t\t\t\t\t<div class=\"qodef-shortcode qodef-m  qodef-info-section qodef-layout--standard \">\n\t<div class=\"qodef-m-info\">\n\t\t\t<h5 class=\"qodef-m-title\" >\n\t\tBilling information\t<\/h5>\n\t\t\t\t\t<\/div>\n<\/div>\n\t\t\t\t<\/div>\n\t\t\t\t<\/div>\n\t\t\t\t<section class=\"elementor-section elementor-inner-section elementor-element elementor-element-f8e93e4 elementor-section-full_width elementor-section-height-default elementor-section-height-default qodef-elementor-content-no qodef-elementor-background-lines-no\" data-id=\"f8e93e4\" data-element_type=\"section\" data-e-type=\"section\">\n\t\t\t\t\t\t<div class=\"elementor-container elementor-column-gap-default\">\n\t\t\t\t\t<div class=\"elementor-column elementor-col-50 elementor-inner-column elementor-element elementor-element-7b96b6f\" data-id=\"7b96b6f\" data-element_type=\"column\" data-e-type=\"column\">\n\t\t\t<div class=\"elementor-widget-wrap elementor-element-populated\">\n\t\t\t\t\t\t<div class=\"elementor-element elementor-element-1c78604 elementor-widget__width-initial elementor-widget elementor-widget-dogood_core_info_section\" data-id=\"1c78604\" data-element_type=\"widget\" data-e-type=\"widget\" data-widget_type=\"dogood_core_info_section.default\">\n\t\t\t\t<div class=\"elementor-widget-container\">\n\t\t\t\t\t<div class=\"qodef-shortcode qodef-m  qodef-info-section qodef-layout--standard \">\n\t<div class=\"qodef-m-info\">\n\t\t\t\t\t<div class=\"qodef-m-text\" >\n\t\t<div style=\"margin-bottom: 7px\"><p>Ehasa ry\u00a0c\/o Sariola,<br \/>Mutintie 319, 54590, Kaitj\u00e4rvi, Finland<\/p><p style=\"margin-top: 15px;font-size: 12px\">Company ID: 2757640-5<br \/>Verkkolaskuosoite\/OVT: 003727576405 Verkkolaskuoperaattori: 003721291126 (Maventa)<\/p><\/div>\t<\/div>\n\t\t\t<\/div>\n<\/div>\n\t\t\t\t<\/div>\n\t\t\t\t<\/div>\n\t\t\t\t\t<\/div>\n\t\t<\/div>\n\t\t\t\t<div class=\"elementor-column elementor-col-50 elementor-inner-column elementor-element elementor-element-1af9981\" data-id=\"1af9981\" data-element_type=\"column\" data-e-type=\"column\">\n\t\t\t<div class=\"elementor-widget-wrap elementor-element-populated\">\n\t\t\t\t\t\t<div class=\"elementor-element elementor-element-a52fc57 elementor-widget__width-initial elementor-widget elementor-widget-dogood_core_info_section\" data-id=\"a52fc57\" data-element_type=\"widget\" data-e-type=\"widget\" data-widget_type=\"dogood_core_info_section.default\">\n\t\t\t\t<div class=\"elementor-widget-container\">\n\t\t\t\t\t<div class=\"qodef-shortcode qodef-m  qodef-info-section qodef-layout--standard \">\n\t<div class=\"qodef-m-info\">\n\t\t\t\t\t<div class=\"qodef-m-text\" >\n\t\t<div style=\"margin-bottom: 7px\">\n\nEhasa Oy,<br \/>\nRuonasalmentie 8A, 00830 Helsinki, Finland\n<p style=\"margin-top: 15px;font-size: 12px\">Company ID: 3585069-7\nVerkkolaskuosoite\/OVT: -\nVerkkolaskuoperaattori: - <br \/>\n<a href=\"mailto:laskutus@ehasa.org\">laskutus@ehasa.org<\/a><\/p>\n\n<\/div>\t<\/div>\n\t\t\t<\/div>\n<\/div>\n\t\t\t\t<\/div>\n\t\t\t\t<\/div>\n\t\t\t\t\t<\/div>\n\t\t<\/div>\n\t\t\t\t\t<\/div>\n\t\t<\/section>\n\t\t\t\t\t<\/div>\n\t\t<\/div>\n\t\t\t\t<div class=\"elementor-column elementor-col-50 elementor-top-column elementor-element elementor-element-c29d238\" data-id=\"c29d238\" data-element_type=\"column\" data-e-type=\"column\">\n\t\t\t<div class=\"elementor-widget-wrap elementor-element-populated\">\n\t\t\t\t\t\t<div class=\"elementor-element elementor-element-54871ef elementor-widget elementor-widget-text-editor\" data-id=\"54871ef\" data-element_type=\"widget\" data-e-type=\"widget\" data-widget_type=\"text-editor.default\">\n\t\t\t\t<div class=\"elementor-widget-container\">\n\t\t\t\t\t\t\t\t\t<h5>L\u00f6yd\u00e4t meid\u00e4t lukuisista sosiaalisen median palveluista<\/h5>\n\t\t\t\t\t\t\t\t<\/div>\n\t\t\t\t<\/div>\n\t\t\t\t<div class=\"elementor-element elementor-element-c0aa50e elementor-grid-6 elementor-shape-rounded e-grid-align-center elementor-widget elementor-widget-social-icons\" data-id=\"c0aa50e\" data-element_type=\"widget\" data-e-type=\"widget\" data-widget_type=\"social-icons.default\">\n\t\t\t\t<div class=\"elementor-widget-container\">\n\t\t\t\t\t\t\t<div class=\"elementor-social-icons-wrapper elementor-grid\" role=\"list\">\n\t\t\t\t\t\t\t<span class=\"elementor-grid-item\" role=\"listitem\">\n\t\t\t\t\t<a class=\"elementor-icon elementor-social-icon elementor-social-icon-facebook elementor-animation-grow elementor-repeater-item-f51714f\" href=\"https:\/\/www.facebook.com\/EhasaRy\" target=\"_blank\">\n\t\t\t\t\t\t<span class=\"elementor-screen-only\">Facebook<\/span>\n\t\t\t\t\t\t<i aria-hidden=\"true\" class=\"fab fa-facebook\"><\/i>\t\t\t\t\t<\/a>\n\t\t\t\t<\/span>\n\t\t\t\t\t\t\t<span class=\"elementor-grid-item\" role=\"listitem\">\n\t\t\t\t\t<a class=\"elementor-icon elementor-social-icon elementor-social-icon-youtube elementor-animation-grow elementor-repeater-item-6714eba\" href=\"https:\/\/www.youtube.com\/channel\/UC4e-APhBNFr8CwE5_zLtXBw?sub_confirmation=1\" target=\"_blank\">\n\t\t\t\t\t\t<span class=\"elementor-screen-only\">Youtube<\/span>\n\t\t\t\t\t\t<i aria-hidden=\"true\" class=\"fab fa-youtube\"><\/i>\t\t\t\t\t<\/a>\n\t\t\t\t<\/span>\n\t\t\t\t\t\t\t<span class=\"elementor-grid-item\" role=\"listitem\">\n\t\t\t\t\t<a class=\"elementor-icon elementor-social-icon elementor-social-icon-instagram elementor-animation-grow elementor-repeater-item-b9c727c\" href=\"https:\/\/instagram.com\/ehasa_ry\/\" target=\"_blank\">\n\t\t\t\t\t\t<span class=\"elementor-screen-only\">Instagram<\/span>\n\t\t\t\t\t\t<i aria-hidden=\"true\" class=\"fab fa-instagram\"><\/i>\t\t\t\t\t<\/a>\n\t\t\t\t<\/span>\n\t\t\t\t\t\t\t<span class=\"elementor-grid-item\" role=\"listitem\">\n\t\t\t\t\t<a class=\"elementor-icon elementor-social-icon elementor-social-icon-discord elementor-animation-grow elementor-repeater-item-890cd63\" href=\"https:\/\/discord.gg\/duXzgDRmDs\" target=\"_blank\">\n\t\t\t\t\t\t<span class=\"elementor-screen-only\">Discord<\/span>\n\t\t\t\t\t\t<i aria-hidden=\"true\" class=\"fab fa-discord\"><\/i>\t\t\t\t\t<\/a>\n\t\t\t\t<\/span>\n\t\t\t\t\t\t\t<span class=\"elementor-grid-item\" role=\"listitem\">\n\t\t\t\t\t<a class=\"elementor-icon elementor-social-icon elementor-social-icon-images elementor-animation-grow elementor-repeater-item-83b9e42\" href=\"https:\/\/gallery.ehasa.org\/\" target=\"_blank\">\n\t\t\t\t\t\t<span class=\"elementor-screen-only\">Images<\/span>\n\t\t\t\t\t\t<i aria-hidden=\"true\" class=\"far fa-images\"><\/i>\t\t\t\t\t<\/a>\n\t\t\t\t<\/span>\n\t\t\t\t\t<\/div>\n\t\t\t\t\t\t<\/div>\n\t\t\t\t<\/div>\n\t\t\t\t\t<\/div>\n\t\t<\/div>\n\t\t\t\t\t<\/div>\n\t\t<\/section>\n\t\t\t\t<\/div>\n\t\t","protected":false},"excerpt":{"rendered":"<p>Suorissa kysymyksiss\u00e4 saat meihin parhaiten yhteyden s\u00e4hk\u00f6postitse. Vastaamme kiireellisiin kysymyksiin my\u00f6s puhelimitse. Discord-kanavallamme saat my\u00f6s vastauksia tapahtumiin liittyviin yleisiin kysymyksiin ja voit yleisesti keskustella mist\u00e4 tahansa aiheesta. Contact us +358 400 232 630 info@ehasa.org info@kuulaportti.fi Billing information Ehasa ry\u00a0c\/o Sariola,Mutintie 319, 54590, Kaitj\u00e4rvi, Finland Company ID: 2757640-5Verkkolaskuosoite\/OVT: 003727576405 Verkkolaskuoperaattori: 003721291126 (Maventa) Ehasa Oy, Ruonasalmentie 8A, [&hellip;]<\/p>\n","protected":false},"author":1,"featured_media":0,"parent":0,"menu_order":0,"comment_status":"closed","ping_status":"closed","template":"page-full-width.php","meta":{"footnotes":""},"class_list":["post-9675","page","type-page","status-publish","hentry"],"yoast_head":"<!-- This site is optimized with the Yoast SEO plugin v27.3 - https:\/\/yoast.com\/product\/yoast-seo-wordpress\/ -->\n<title>Ota yhteytt\u00e4 - Ehasa<\/title>\n<meta name=\"description\" content=\"Suorissa kysymyksiss\u00e4 saat meihin parhaiten yhteyden s\u00e4hk\u00f6postitse. Vastaamme my\u00f6s kiireellisiin kysymyksiin puhelimitse numerosta +358400232630.\" \/>\n<meta name=\"robots\" content=\"index, follow, max-snippet:-1, max-image-preview:large, max-video-preview:-1\" \/>\n<link rel=\"canonical\" href=\"https:\/\/ehasa.org\/fi\/ota-yhteytta\/\" \/>\n<meta property=\"og:locale\" content=\"fi_FI\" \/>\n<meta property=\"og:type\" content=\"article\" \/>\n<meta property=\"og:title\" content=\"Ota yhteytt\u00e4 - Ehasa\" \/>\n<meta property=\"og:description\" content=\"Suorissa kysymyksiss\u00e4 saat meihin parhaiten yhteyden s\u00e4hk\u00f6postitse. Vastaamme my\u00f6s kiireellisiin kysymyksiin puhelimitse numerosta +358400232630.\" \/>\n<meta property=\"og:url\" content=\"https:\/\/ehasa.org\/fi\/ota-yhteytta\/\" \/>\n<meta property=\"og:site_name\" content=\"Ehasa\" \/>\n<meta property=\"article:publisher\" content=\"https:\/\/www.facebook.com\/EhasaRy\/\" \/>\n<meta property=\"article:modified_time\" content=\"2026-01-27T16:29:05+00:00\" \/>\n<meta property=\"og:image\" content=\"https:\/\/ehasa.org\/wp-content\/uploads\/2022\/07\/ehasa_white_4000_shadow.png\" \/>\n\t<meta property=\"og:image:width\" content=\"4000\" \/>\n\t<meta property=\"og:image:height\" content=\"3044\" \/>\n\t<meta property=\"og:image:type\" content=\"image\/png\" \/>\n<meta name=\"twitter:card\" content=\"summary_large_image\" \/>\n<meta name=\"twitter:site\" content=\"@ehasary\" \/>\n<meta name=\"twitter:label1\" content=\"Arvioitu lukuaika\" \/>\n\t<meta name=\"twitter:data1\" content=\"1 minuutti\" \/>\n<script type=\"application\/ld+json\" class=\"yoast-schema-graph\">{\"@context\":\"https:\\\/\\\/schema.org\",\"@graph\":[{\"@type\":\"WebPage\",\"@id\":\"https:\\\/\\\/ehasa.org\\\/fi\\\/ota-yhteytta\\\/\",\"url\":\"https:\\\/\\\/ehasa.org\\\/fi\\\/ota-yhteytta\\\/\",\"name\":\"Ota yhteytt\u00e4 - Ehasa\",\"isPartOf\":{\"@id\":\"https:\\\/\\\/ehasa.org\\\/fi\\\/#website\"},\"datePublished\":\"2022-04-15T12:54:04+00:00\",\"dateModified\":\"2026-01-27T16:29:05+00:00\",\"description\":\"Suorissa kysymyksiss\u00e4 saat meihin parhaiten yhteyden s\u00e4hk\u00f6postitse. Vastaamme my\u00f6s kiireellisiin kysymyksiin puhelimitse numerosta +358400232630.\",\"breadcrumb\":{\"@id\":\"https:\\\/\\\/ehasa.org\\\/fi\\\/ota-yhteytta\\\/#breadcrumb\"},\"inLanguage\":\"fi\",\"potentialAction\":[{\"@type\":\"ReadAction\",\"target\":[\"https:\\\/\\\/ehasa.org\\\/fi\\\/ota-yhteytta\\\/\"]}]},{\"@type\":\"BreadcrumbList\",\"@id\":\"https:\\\/\\\/ehasa.org\\\/fi\\\/ota-yhteytta\\\/#breadcrumb\",\"itemListElement\":[{\"@type\":\"ListItem\",\"position\":1,\"name\":\"Etusivu\",\"item\":\"https:\\\/\\\/ehasa.org\\\/fi\\\/\"},{\"@type\":\"ListItem\",\"position\":2,\"name\":\"Ota yhteytt\u00e4\"}]},{\"@type\":\"WebSite\",\"@id\":\"https:\\\/\\\/ehasa.org\\\/fi\\\/#website\",\"url\":\"https:\\\/\\\/ehasa.org\\\/fi\\\/\",\"name\":\"Ehasa\",\"description\":\"a registered association whose task is to organize airsoft events in Finland\",\"publisher\":{\"@id\":\"https:\\\/\\\/ehasa.org\\\/fi\\\/#organization\"},\"potentialAction\":[{\"@type\":\"SearchAction\",\"target\":{\"@type\":\"EntryPoint\",\"urlTemplate\":\"https:\\\/\\\/ehasa.org\\\/fi\\\/?s={search_term_string}\"},\"query-input\":{\"@type\":\"PropertyValueSpecification\",\"valueRequired\":true,\"valueName\":\"search_term_string\"}}],\"inLanguage\":\"fi\"},{\"@type\":\"Organization\",\"@id\":\"https:\\\/\\\/ehasa.org\\\/fi\\\/#organization\",\"name\":\"Ehasa\",\"url\":\"https:\\\/\\\/ehasa.org\\\/fi\\\/\",\"logo\":{\"@type\":\"ImageObject\",\"inLanguage\":\"fi\",\"@id\":\"https:\\\/\\\/ehasa.org\\\/fi\\\/#\\\/schema\\\/logo\\\/image\\\/\",\"url\":\"https:\\\/\\\/ehasa.org\\\/wp-content\\\/uploads\\\/2022\\\/07\\\/ehasa_logo.png\",\"contentUrl\":\"https:\\\/\\\/ehasa.org\\\/wp-content\\\/uploads\\\/2022\\\/07\\\/ehasa_logo.png\",\"width\":200,\"height\":168,\"caption\":\"Ehasa\"},\"image\":{\"@id\":\"https:\\\/\\\/ehasa.org\\\/fi\\\/#\\\/schema\\\/logo\\\/image\\\/\"},\"sameAs\":[\"https:\\\/\\\/www.facebook.com\\\/EhasaRy\\\/\",\"https:\\\/\\\/x.com\\\/ehasary\",\"https:\\\/\\\/www.instagram.com\\\/ehasa_ry\\\/\",\"https:\\\/\\\/www.youtube.com\\\/c\\\/Ellimummo\",\"https:\\\/\\\/discord.gg\\\/duXzgDRmDs\"]}]}<\/script>\n<!-- \/ Yoast SEO plugin. -->","yoast_head_json":{"title":"Ota yhteytt\u00e4 - Ehasa","description":"Suorissa kysymyksiss\u00e4 saat meihin parhaiten yhteyden s\u00e4hk\u00f6postitse. Vastaamme my\u00f6s kiireellisiin kysymyksiin puhelimitse numerosta +358400232630.","robots":{"index":"index","follow":"follow","max-snippet":"max-snippet:-1","max-image-preview":"max-image-preview:large","max-video-preview":"max-video-preview:-1"},"canonical":"https:\/\/ehasa.org\/fi\/ota-yhteytta\/","og_locale":"fi_FI","og_type":"article","og_title":"Ota yhteytt\u00e4 - Ehasa","og_description":"Suorissa kysymyksiss\u00e4 saat meihin parhaiten yhteyden s\u00e4hk\u00f6postitse. Vastaamme my\u00f6s kiireellisiin kysymyksiin puhelimitse numerosta +358400232630.","og_url":"https:\/\/ehasa.org\/fi\/ota-yhteytta\/","og_site_name":"Ehasa","article_publisher":"https:\/\/www.facebook.com\/EhasaRy\/","article_modified_time":"2026-01-27T16:29:05+00:00","og_image":[{"width":4000,"height":3044,"url":"https:\/\/ehasa.org\/wp-content\/uploads\/2022\/07\/ehasa_white_4000_shadow.png","type":"image\/png"}],"twitter_card":"summary_large_image","twitter_site":"@ehasary","twitter_misc":{"Arvioitu lukuaika":"1 minuutti"},"schema":{"@context":"https:\/\/schema.org","@graph":[{"@type":"WebPage","@id":"https:\/\/ehasa.org\/fi\/ota-yhteytta\/","url":"https:\/\/ehasa.org\/fi\/ota-yhteytta\/","name":"Ota yhteytt\u00e4 - Ehasa","isPartOf":{"@id":"https:\/\/ehasa.org\/fi\/#website"},"datePublished":"2022-04-15T12:54:04+00:00","dateModified":"2026-01-27T16:29:05+00:00","description":"Suorissa kysymyksiss\u00e4 saat meihin parhaiten yhteyden s\u00e4hk\u00f6postitse. Vastaamme my\u00f6s kiireellisiin kysymyksiin puhelimitse numerosta +358400232630.","breadcrumb":{"@id":"https:\/\/ehasa.org\/fi\/ota-yhteytta\/#breadcrumb"},"inLanguage":"fi","potentialAction":[{"@type":"ReadAction","target":["https:\/\/ehasa.org\/fi\/ota-yhteytta\/"]}]},{"@type":"BreadcrumbList","@id":"https:\/\/ehasa.org\/fi\/ota-yhteytta\/#breadcrumb","itemListElement":[{"@type":"ListItem","position":1,"name":"Etusivu","item":"https:\/\/ehasa.org\/fi\/"},{"@type":"ListItem","position":2,"name":"Ota yhteytt\u00e4"}]},{"@type":"WebSite","@id":"https:\/\/ehasa.org\/fi\/#website","url":"https:\/\/ehasa.org\/fi\/","name":"Ehasa","description":"a registered association whose task is to organize airsoft events in Finland","publisher":{"@id":"https:\/\/ehasa.org\/fi\/#organization"},"potentialAction":[{"@type":"SearchAction","target":{"@type":"EntryPoint","urlTemplate":"https:\/\/ehasa.org\/fi\/?s={search_term_string}"},"query-input":{"@type":"PropertyValueSpecification","valueRequired":true,"valueName":"search_term_string"}}],"inLanguage":"fi"},{"@type":"Organization","@id":"https:\/\/ehasa.org\/fi\/#organization","name":"Ehasa","url":"https:\/\/ehasa.org\/fi\/","logo":{"@type":"ImageObject","inLanguage":"fi","@id":"https:\/\/ehasa.org\/fi\/#\/schema\/logo\/image\/","url":"https:\/\/ehasa.org\/wp-content\/uploads\/2022\/07\/ehasa_logo.png","contentUrl":"https:\/\/ehasa.org\/wp-content\/uploads\/2022\/07\/ehasa_logo.png","width":200,"height":168,"caption":"Ehasa"},"image":{"@id":"https:\/\/ehasa.org\/fi\/#\/schema\/logo\/image\/"},"sameAs":["https:\/\/www.facebook.com\/EhasaRy\/","https:\/\/x.com\/ehasary","https:\/\/www.instagram.com\/ehasa_ry\/","https:\/\/www.youtube.com\/c\/Ellimummo","https:\/\/discord.gg\/duXzgDRmDs"]}]}},"_links":{"self":[{"href":"https:\/\/ehasa.org\/fi\/wp-json\/wp\/v2\/pages\/9675","targetHints":{"allow":["GET"]}}],"collection":[{"href":"https:\/\/ehasa.org\/fi\/wp-json\/wp\/v2\/pages"}],"about":[{"href":"https:\/\/ehasa.org\/fi\/wp-json\/wp\/v2\/types\/page"}],"author":[{"embeddable":true,"href":"https:\/\/ehasa.org\/fi\/wp-json\/wp\/v2\/users\/1"}],"replies":[{"embeddable":true,"href":"https:\/\/ehasa.org\/fi\/wp-json\/wp\/v2\/comments?post=9675"}],"version-history":[{"count":21,"href":"https:\/\/ehasa.org\/fi\/wp-json\/wp\/v2\/pages\/9675\/revisions"}],"predecessor-version":[{"id":10910,"href":"https:\/\/ehasa.org\/fi\/wp-json\/wp\/v2\/pages\/9675\/revisions\/10910"}],"wp:attachment":[{"href":"https:\/\/ehasa.org\/fi\/wp-json\/wp\/v2\/media?parent=9675"}],"curies":[{"name":"wp","href":"https:\/\/api.w.org\/{rel}","templated":true}]}}