{"id":9683,"date":"2022-08-16T02:25:04","date_gmt":"2022-08-15T23:25:04","guid":{"rendered":"https:\/\/ehasa.org\/palvelut\/"},"modified":"2024-11-11T21:11:55","modified_gmt":"2024-11-11T19:11:55","slug":"palvelut","status":"publish","type":"page","link":"https:\/\/ehasa.org\/fi\/palvelut\/","title":{"rendered":"Palvelut"},"content":{"rendered":"\t\t<div data-elementor-type=\"wp-page\" data-elementor-id=\"9683\" class=\"elementor elementor-9683 elementor-8688\">\n\t\t\t\t\t\t<section class=\"elementor-section elementor-top-section elementor-element elementor-element-7a0a741 elementor-section-full_width qodef-elementor-content-grid elementor-section-height-default elementor-section-height-default qodef-elementor-background-lines-no\" data-id=\"7a0a741\" data-element_type=\"section\" data-e-type=\"section\">\n\t\t\t\t\t\t<div class=\"elementor-container elementor-column-gap-no\">\n\t\t\t\t\t<div class=\"elementor-column elementor-col-100 elementor-top-column elementor-element elementor-element-eb7c171\" data-id=\"eb7c171\" data-element_type=\"column\" data-e-type=\"column\">\n\t\t\t<div class=\"elementor-widget-wrap elementor-element-populated\">\n\t\t\t\t\t\t<div class=\"elementor-element elementor-element-30db6f4 elementor-widget elementor-widget-dogood_core_section_title\" data-id=\"30db6f4\" data-element_type=\"widget\" data-e-type=\"widget\" data-widget_type=\"dogood_core_section_title.default\">\n\t\t\t\t<div class=\"elementor-widget-container\">\n\t\t\t\t\t<div class=\"qodef-shortcode qodef-m  qodef-section-title qodef-alignment--left \">\n\t\t<h2 class=\"qodef-m-title\" style=\"color: #9B8DB7\">\n\t\t\t\t\tTavoitteenamme on palvella pelaajia\t\t\t<\/h2>\n\t<\/div>\n\t\t\t\t<\/div>\n\t\t\t\t<\/div>\n\t\t\t\t\t<\/div>\n\t\t<\/div>\n\t\t\t\t\t<\/div>\n\t\t<\/section>\n\t\t\t\t<section class=\"elementor-section elementor-top-section elementor-element elementor-element-7bfef25 elementor-section-full_width qodef-elementor-content-grid elementor-section-height-default elementor-section-height-default qodef-elementor-background-lines-no\" data-id=\"7bfef25\" data-element_type=\"section\" data-e-type=\"section\">\n\t\t\t\t\t\t<div class=\"elementor-container elementor-column-gap-no\">\n\t\t\t\t\t<div class=\"elementor-column elementor-col-100 elementor-top-column elementor-element elementor-element-7eea132\" data-id=\"7eea132\" data-element_type=\"column\" data-e-type=\"column\">\n\t\t\t<div class=\"elementor-widget-wrap elementor-element-populated\">\n\t\t\t\t\t\t<div class=\"elementor-element elementor-element-a2cde1d elementor-widget elementor-widget-text-editor\" data-id=\"a2cde1d\" data-element_type=\"widget\" data-e-type=\"widget\" data-widget_type=\"text-editor.default\">\n\t\t\t\t<div class=\"elementor-widget-container\">\n\t\t\t\t\t\t\t\t\t<p>Olemme kehitt\u00e4neet palveluitamme tapahtumien j\u00e4rjest\u00e4misen helpottamiseksi. T\u00e4ll\u00e4 sivulla on luettelo kaikista yll\u00e4pit\u00e4mist\u00e4mme palveluista.<\/p>\n\t\t\t\t\t\t\t\t<\/div>\n\t\t\t\t<\/div>\n\t\t\t\t\t<\/div>\n\t\t<\/div>\n\t\t\t\t\t<\/div>\n\t\t<\/section>\n\t\t\t\t<section class=\"elementor-section elementor-top-section elementor-element elementor-element-a7864d4 elementor-section-full_width qodef-elementor-content-grid elementor-section-height-default elementor-section-height-default qodef-elementor-background-lines-no\" data-id=\"a7864d4\" data-element_type=\"section\" data-e-type=\"section\">\n\t\t\t\t\t\t<div class=\"elementor-container elementor-column-gap-no\">\n\t\t\t\t\t<div class=\"elementor-column elementor-col-33 elementor-top-column elementor-element elementor-element-31cf572\" data-id=\"31cf572\" data-element_type=\"column\" data-e-type=\"column\">\n\t\t\t<div class=\"elementor-widget-wrap elementor-element-populated\">\n\t\t\t\t\t\t<div class=\"elementor-element elementor-element-4999a1b elementor-widget elementor-widget-dogood_core_image_with_text\" data-id=\"4999a1b\" data-element_type=\"widget\" data-e-type=\"widget\" data-widget_type=\"dogood_core_image_with_text.default\">\n\t\t\t\t<div class=\"elementor-widget-container\">\n\t\t\t\t\t<div class=\"qodef-shortcode qodef-m  qodef-image-with-text qodef-layout--boxed\" >\n\t<span class=\"qodef-hover-follow-overlay\" ><\/span>\n\t<div class=\"qodef-m-image\">\n\t\t\t<a itemprop=\"url\" href=\"\/fi\/palvelut\/kuulaportti\/\" target=\"_self\">\n\t\t\t<img fetchpriority=\"high\" decoding=\"async\" width=\"1154\" height=\"809\" src=\"https:\/\/ehasa.org\/wp-content\/uploads\/2022\/08\/kuulaportti2-0.png\" class=\"attachment-full size-full\" alt=\"\" srcset=\"https:\/\/ehasa.org\/wp-content\/uploads\/2022\/08\/kuulaportti2-0.png 1154w, https:\/\/ehasa.org\/wp-content\/uploads\/2022\/08\/kuulaportti2-0-300x210.png 300w, https:\/\/ehasa.org\/wp-content\/uploads\/2022\/08\/kuulaportti2-0-1024x718.png 1024w, https:\/\/ehasa.org\/wp-content\/uploads\/2022\/08\/kuulaportti2-0-768x538.png 768w, https:\/\/ehasa.org\/wp-content\/uploads\/2022\/08\/kuulaportti2-0-600x421.png 600w\" sizes=\"(max-width: 1154px) 100vw, 1154px\" \/>\t\t\t<\/a>\n\t<\/div>\n\t<div class=\"qodef-m-content\">\n\t\t\t<h4 class=\"qodef-m-title\" >\n\t\t\t\t\t<a itemprop=\"url\" href=\"\/fi\/palvelut\/kuulaportti\/\" target=\"_self\">\n\t\t\t\t\tKuulaportti.fi\t\t\t\t\t<\/a>\n\t\t\t<\/h4>\n\t\t\t<p class=\"qodef-m-text\" >Kuulaportti on airsoft-tapahtumien ilmoittautumisj\u00e4rjestelm\u00e4. Se on alun perin kehitetty Ehasa omiin tarpeisiin, mutta nyky\u00e4\u00e4n se on ilmaisena kaikkien pelaajien k\u00e4yt\u00f6ss\u00e4. J\u00e4rjestelm\u00e4ss\u00e4 on lukuisia ominaisuuksia, jotka helpottavat pelien j\u00e4rjest\u00e4jien arkea.<\/p>\n\t<\/div>\n\t\t<a itemprop=\"url\" href=\"\/fi\/palvelut\/kuulaportti\/\" class=\"qodef-m-link\" target=\"_self\">\n\t<\/a>\n<\/div>\n\t\t\t\t<\/div>\n\t\t\t\t<\/div>\n\t\t\t\t<div class=\"elementor-element elementor-element-3676790 elementor-widget elementor-widget-dogood_core_image_with_text\" data-id=\"3676790\" data-element_type=\"widget\" data-e-type=\"widget\" data-widget_type=\"dogood_core_image_with_text.default\">\n\t\t\t\t<div class=\"elementor-widget-container\">\n\t\t\t\t\t<div class=\"qodef-shortcode qodef-m  qodef-image-with-text qodef-layout--boxed\" >\n\t<span class=\"qodef-hover-follow-overlay\" ><\/span>\n\t<div class=\"qodef-m-image\">\n\t\t\t<a itemprop=\"url\" href=\"https:\/\/gallery.ehasa.org\" target=\"_self\">\n\t\t\t<img decoding=\"async\" width=\"1154\" height=\"809\" src=\"https:\/\/ehasa.org\/wp-content\/uploads\/2022\/08\/gallery.png\" class=\"attachment-full size-full\" alt=\"\" srcset=\"https:\/\/ehasa.org\/wp-content\/uploads\/2022\/08\/gallery.png 1154w, https:\/\/ehasa.org\/wp-content\/uploads\/2022\/08\/gallery-300x210.png 300w, https:\/\/ehasa.org\/wp-content\/uploads\/2022\/08\/gallery-1024x718.png 1024w, https:\/\/ehasa.org\/wp-content\/uploads\/2022\/08\/gallery-768x538.png 768w, https:\/\/ehasa.org\/wp-content\/uploads\/2022\/08\/gallery-600x421.png 600w\" sizes=\"(max-width: 1154px) 100vw, 1154px\" \/>\t\t\t<\/a>\n\t<\/div>\n\t<div class=\"qodef-m-content\">\n\t\t\t<h4 class=\"qodef-m-title\" >\n\t\t\t\t\t<a itemprop=\"url\" href=\"https:\/\/gallery.ehasa.org\" target=\"_self\">\n\t\t\t\t\tGallery.ehasa.org\t\t\t\t\t<\/a>\n\t\t\t<\/h4>\n\t\t\t<p class=\"qodef-m-text\" >Ehasan galleriaan olemme tallentaneet kaikki kuvamme vuodesta 2010 l\u00e4htien. Galleriasta l\u00f6yd\u00e4t kuvia l\u00e4hes kaikista tapahtumistamme sek\u00e4 muista tapahtumista, joissa olemme olleet mukana. Galleriassa on t\u00e4ll\u00e4 hetkell\u00e4 l\u00e4hes 18 000 kuvaa ja yli 190 albumia.<\/p>\n\t<\/div>\n\t\t<a itemprop=\"url\" href=\"https:\/\/gallery.ehasa.org\" class=\"qodef-m-link\" target=\"_self\">\n\t<\/a>\n<\/div>\n\t\t\t\t<\/div>\n\t\t\t\t<\/div>\n\t\t\t\t\t<\/div>\n\t\t<\/div>\n\t\t\t\t<div class=\"elementor-column elementor-col-33 elementor-top-column elementor-element elementor-element-b5085d9\" data-id=\"b5085d9\" data-element_type=\"column\" data-e-type=\"column\">\n\t\t\t<div class=\"elementor-widget-wrap elementor-element-populated\">\n\t\t\t\t\t\t<div class=\"elementor-element elementor-element-fd6d791 elementor-widget elementor-widget-dogood_core_image_with_text\" data-id=\"fd6d791\" data-element_type=\"widget\" data-e-type=\"widget\" data-widget_type=\"dogood_core_image_with_text.default\">\n\t\t\t\t<div class=\"elementor-widget-container\">\n\t\t\t\t\t<div class=\"qodef-shortcode qodef-m  qodef-image-with-text qodef-layout--boxed\" >\n\t<span class=\"qodef-hover-follow-overlay\" ><\/span>\n\t<div class=\"qodef-m-image\">\n\t\t\t<a itemprop=\"url\" href=\"\/fi\/palvelut\/status-ehasa-org\" target=\"_self\">\n\t\t\t<img decoding=\"async\" width=\"1154\" height=\"809\" src=\"https:\/\/ehasa.org\/wp-content\/uploads\/2022\/08\/status.png\" class=\"attachment-full size-full\" alt=\"\" srcset=\"https:\/\/ehasa.org\/wp-content\/uploads\/2022\/08\/status.png 1154w, https:\/\/ehasa.org\/wp-content\/uploads\/2022\/08\/status-300x210.png 300w, https:\/\/ehasa.org\/wp-content\/uploads\/2022\/08\/status-1024x718.png 1024w, https:\/\/ehasa.org\/wp-content\/uploads\/2022\/08\/status-768x538.png 768w, https:\/\/ehasa.org\/wp-content\/uploads\/2022\/08\/status-600x421.png 600w\" sizes=\"(max-width: 1154px) 100vw, 1154px\" \/>\t\t\t<\/a>\n\t<\/div>\n\t<div class=\"qodef-m-content\">\n\t\t\t<h4 class=\"qodef-m-title\" >\n\t\t\t\t\t<a itemprop=\"url\" href=\"\/fi\/palvelut\/status-ehasa-org\" target=\"_self\">\n\t\t\t\t\tStatus.ehasa.org\t\t\t\t\t<\/a>\n\t\t\t<\/h4>\n\t\t\t<p class=\"qodef-m-text\" >Status.ehasa.org on airsoft-tapahtumien seurantaj\u00e4rjestelm\u00e4, josta n\u00e4et pelin tilanteen reaaliajassa. K\u00e4yt\u00f6ss\u00e4 on my\u00f6s Andoid-sovellus, joka tukee gps-paikannusta, mink\u00e4 ansiosta osapuolten johtajat n\u00e4kev\u00e4t suurissa tapahtumissamme joukkojensa liikkeet.<\/p>\n\t<\/div>\n\t\t<a itemprop=\"url\" href=\"\/fi\/palvelut\/status-ehasa-org\" class=\"qodef-m-link\" target=\"_self\">\n\t<\/a>\n<\/div>\n\t\t\t\t<\/div>\n\t\t\t\t<\/div>\n\t\t\t\t<div class=\"elementor-element elementor-element-0f4792f elementor-widget elementor-widget-dogood_core_image_with_text\" data-id=\"0f4792f\" data-element_type=\"widget\" data-e-type=\"widget\" data-widget_type=\"dogood_core_image_with_text.default\">\n\t\t\t\t<div class=\"elementor-widget-container\">\n\t\t\t\t\t<div class=\"qodef-shortcode qodef-m  qodef-image-with-text qodef-layout--boxed\" >\n\t<span class=\"qodef-hover-follow-overlay\" ><\/span>\n\t<div class=\"qodef-m-image\">\n\t\t\t<a itemprop=\"url\" href=\"https:\/\/tstosnews.ehasa.org\" target=\"_self\">\n\t\t\t<img loading=\"lazy\" decoding=\"async\" width=\"1154\" height=\"809\" src=\"https:\/\/ehasa.org\/wp-content\/uploads\/2022\/08\/tstosnews.png\" class=\"attachment-full size-full\" alt=\"\" srcset=\"https:\/\/ehasa.org\/wp-content\/uploads\/2022\/08\/tstosnews.png 1154w, https:\/\/ehasa.org\/wp-content\/uploads\/2022\/08\/tstosnews-300x210.png 300w, https:\/\/ehasa.org\/wp-content\/uploads\/2022\/08\/tstosnews-1024x718.png 1024w, https:\/\/ehasa.org\/wp-content\/uploads\/2022\/08\/tstosnews-768x538.png 768w, https:\/\/ehasa.org\/wp-content\/uploads\/2022\/08\/tstosnews-600x421.png 600w\" sizes=\"(max-width: 1154px) 100vw, 1154px\" \/>\t\t\t<\/a>\n\t<\/div>\n\t<div class=\"qodef-m-content\">\n\t\t\t<h4 class=\"qodef-m-title\" >\n\t\t\t\t\t<a itemprop=\"url\" href=\"https:\/\/tstosnews.ehasa.org\" target=\"_self\">\n\t\t\t\t\tTstosnews.ehasa.org\t\t\t\t\t<\/a>\n\t\t\t<\/h4>\n\t\t\t<p class=\"qodef-m-text\" >Tstosnews perustettiin TSOS-tapahtumia varten. Se on pelin sis\u00e4inen uutissivusto, jossa ihmiset voivat kirjoittaa artikkeleita ja uutisia pelin tapahtumista. Siviilit ja taistelevat osapuolet voivat my\u00f6s mainostaa omia pelitarinoitaan ja palveluitaan.<\/p>\n\t<\/div>\n\t\t<a itemprop=\"url\" href=\"https:\/\/tstosnews.ehasa.org\" class=\"qodef-m-link\" target=\"_self\">\n\t<\/a>\n<\/div>\n\t\t\t\t<\/div>\n\t\t\t\t<\/div>\n\t\t\t\t\t<\/div>\n\t\t<\/div>\n\t\t\t\t<div class=\"elementor-column elementor-col-33 elementor-top-column elementor-element elementor-element-9fb839b\" data-id=\"9fb839b\" data-element_type=\"column\" data-e-type=\"column\">\n\t\t\t<div class=\"elementor-widget-wrap elementor-element-populated\">\n\t\t\t\t\t\t<div class=\"elementor-element elementor-element-8796cea elementor-widget elementor-widget-dogood_core_image_with_text\" data-id=\"8796cea\" data-element_type=\"widget\" data-e-type=\"widget\" data-widget_type=\"dogood_core_image_with_text.default\">\n\t\t\t\t<div class=\"elementor-widget-container\">\n\t\t\t\t\t<div class=\"qodef-shortcode qodef-m  qodef-image-with-text qodef-layout--boxed\" >\n\t<span class=\"qodef-hover-follow-overlay\" ><\/span>\n\t<div class=\"qodef-m-image\">\n\t\t\t<a itemprop=\"url\" href=\"https:\/\/players.ehasa.org\" target=\"_self\">\n\t\t\t<img loading=\"lazy\" decoding=\"async\" width=\"1154\" height=\"809\" src=\"https:\/\/ehasa.org\/wp-content\/uploads\/2022\/10\/players.png\" class=\"attachment-full size-full\" alt=\"\" srcset=\"https:\/\/ehasa.org\/wp-content\/uploads\/2022\/10\/players.png 1154w, https:\/\/ehasa.org\/wp-content\/uploads\/2022\/10\/players-300x210.png 300w, https:\/\/ehasa.org\/wp-content\/uploads\/2022\/10\/players-1024x718.png 1024w, https:\/\/ehasa.org\/wp-content\/uploads\/2022\/10\/players-768x538.png 768w, https:\/\/ehasa.org\/wp-content\/uploads\/2022\/10\/players-600x421.png 600w\" sizes=\"(max-width: 1154px) 100vw, 1154px\" \/>\t\t\t<\/a>\n\t<\/div>\n\t<div class=\"qodef-m-content\">\n\t\t\t<h4 class=\"qodef-m-title\" >\n\t\t\t\t\t<a itemprop=\"url\" href=\"https:\/\/players.ehasa.org\" target=\"_self\">\n\t\t\t\t\tPlayers.ehasa.org\t\t\t\t\t<\/a>\n\t\t\t<\/h4>\n\t\t\t<p class=\"qodef-m-text\" >Olemme luoneet players.ehasa.org -sivuston pelaajille, jotka osallistuvat suurimpiin airsoft-tapahtumiimme. T\u00e4lt\u00e4 sivustolta l\u00f6yd\u00e4 kaiken tarvittavan tiedon liittyen pelialueelle saapumiseen, ruokapalveluihin tai mist\u00e4 l\u00f6yd\u00e4t vaikkapa osapuolesi tukikohdan.<\/p>\n\t<\/div>\n\t\t<a itemprop=\"url\" href=\"https:\/\/players.ehasa.org\" class=\"qodef-m-link\" target=\"_self\">\n\t<\/a>\n<\/div>\n\t\t\t\t<\/div>\n\t\t\t\t<\/div>\n\t\t\t\t<div class=\"elementor-element elementor-element-fa05d32 elementor-widget elementor-widget-dogood_core_image_with_text\" data-id=\"fa05d32\" data-element_type=\"widget\" data-e-type=\"widget\" data-widget_type=\"dogood_core_image_with_text.default\">\n\t\t\t\t<div class=\"elementor-widget-container\">\n\t\t\t\t\t<div class=\"qodef-shortcode qodef-m  qodef-image-with-text qodef-layout--boxed\" >\n\t<span class=\"qodef-hover-follow-overlay\" ><\/span>\n\t<div class=\"qodef-m-image\">\n\t\t\t<a itemprop=\"url\" href=\"https:\/\/survey.ehasa.org\/\" target=\"_self\">\n\t\t\t<img loading=\"lazy\" decoding=\"async\" width=\"1154\" height=\"809\" src=\"https:\/\/ehasa.org\/wp-content\/uploads\/2022\/08\/survey.png\" class=\"attachment-full size-full\" alt=\"\" srcset=\"https:\/\/ehasa.org\/wp-content\/uploads\/2022\/08\/survey.png 1154w, https:\/\/ehasa.org\/wp-content\/uploads\/2022\/08\/survey-300x210.png 300w, https:\/\/ehasa.org\/wp-content\/uploads\/2022\/08\/survey-1024x718.png 1024w, https:\/\/ehasa.org\/wp-content\/uploads\/2022\/08\/survey-768x538.png 768w, https:\/\/ehasa.org\/wp-content\/uploads\/2022\/08\/survey-600x421.png 600w\" sizes=\"(max-width: 1154px) 100vw, 1154px\" \/>\t\t\t<\/a>\n\t<\/div>\n\t<div class=\"qodef-m-content\">\n\t\t\t<h4 class=\"qodef-m-title\" >\n\t\t\t\t\t<a itemprop=\"url\" href=\"https:\/\/survey.ehasa.org\/\" target=\"_self\">\n\t\t\t\t\tSurvey.ehasa.org\t\t\t\t\t<\/a>\n\t\t\t<\/h4>\n\t\t\t<p class=\"qodef-m-text\" >Survey.ehasa.org -sivuston tarkoituksena on ker\u00e4t\u00e4 tietoa TSTOS-tapahtumien pelaajista ennen tapahtumaa. Esimerkiksi tiedustelujoukkoihin ja siviiliosapuolelle teht\u00e4v\u00e4t hakemukset, jotka edelleen luovutetaan osapuolten johtajille.<\/p>\n\t<\/div>\n\t\t<a itemprop=\"url\" href=\"https:\/\/survey.ehasa.org\/\" class=\"qodef-m-link\" target=\"_self\">\n\t<\/a>\n<\/div>\n\t\t\t\t<\/div>\n\t\t\t\t<\/div>\n\t\t\t\t\t<\/div>\n\t\t<\/div>\n\t\t\t\t\t<\/div>\n\t\t<\/section>\n\t\t\t\t<\/div>\n\t\t","protected":false},"excerpt":{"rendered":"<p>Tavoitteenamme on palvella pelaajia Olemme kehitt\u00e4neet palveluitamme tapahtumien j\u00e4rjest\u00e4misen helpottamiseksi. T\u00e4ll\u00e4 sivulla on luettelo kaikista yll\u00e4pit\u00e4mist\u00e4mme palveluista. Kuulaportti.fi Kuulaportti on airsoft-tapahtumien ilmoittautumisj\u00e4rjestelm\u00e4. Se on alun perin kehitetty Ehasa omiin tarpeisiin, mutta nyky\u00e4\u00e4n se on ilmaisena kaikkien pelaajien k\u00e4yt\u00f6ss\u00e4. J\u00e4rjestelm\u00e4ss\u00e4 on lukuisia ominaisuuksia, jotka helpottavat pelien j\u00e4rjest\u00e4jien arkea. Gallery.ehasa.org Ehasan galleriaan olemme tallentaneet kaikki kuvamme vuodesta [&hellip;]<\/p>\n","protected":false},"author":1,"featured_media":0,"parent":0,"menu_order":0,"comment_status":"closed","ping_status":"closed","template":"page-full-width.php","meta":{"footnotes":""},"class_list":["post-9683","page","type-page","status-publish","hentry"],"yoast_head":"<!-- This site is optimized with the Yoast SEO plugin v27.4 - https:\/\/yoast.com\/product\/yoast-seo-wordpress\/ -->\n<title>Palvelut - Ehasa<\/title>\n<meta name=\"description\" content=\"Olemme kehitt\u00e4neet paljon hy\u00f6dyllisi\u00e4 palveluja, jotka helpottavat tapahtumien j\u00e4rjest\u00e4mist\u00e4. Suosituin niist\u00e4 on Kuulaportti.\" \/>\n<meta name=\"robots\" content=\"index, follow, max-snippet:-1, max-image-preview:large, max-video-preview:-1\" \/>\n<link rel=\"canonical\" href=\"https:\/\/ehasa.org\/fi\/palvelut\/\" \/>\n<meta property=\"og:locale\" content=\"fi_FI\" \/>\n<meta property=\"og:type\" content=\"article\" \/>\n<meta property=\"og:title\" content=\"Palvelut - Ehasa\" \/>\n<meta property=\"og:description\" content=\"Olemme kehitt\u00e4neet paljon hy\u00f6dyllisi\u00e4 palveluja, jotka helpottavat tapahtumien j\u00e4rjest\u00e4mist\u00e4. Suosituin niist\u00e4 on Kuulaportti.\" \/>\n<meta property=\"og:url\" content=\"https:\/\/ehasa.org\/fi\/palvelut\/\" \/>\n<meta property=\"og:site_name\" content=\"Ehasa\" \/>\n<meta property=\"article:publisher\" content=\"https:\/\/www.facebook.com\/EhasaRy\/\" \/>\n<meta property=\"article:modified_time\" content=\"2024-11-11T19:11:55+00:00\" \/>\n<meta property=\"og:image\" content=\"https:\/\/ehasa.org\/wp-content\/uploads\/2022\/08\/kuulaportti2-0.png\" \/>\n<meta name=\"twitter:card\" content=\"summary_large_image\" \/>\n<meta name=\"twitter:site\" content=\"@ehasary\" \/>\n<meta name=\"twitter:label1\" content=\"Arvioitu lukuaika\" \/>\n\t<meta name=\"twitter:data1\" content=\"3 minuuttia\" \/>\n<script type=\"application\/ld+json\" class=\"yoast-schema-graph\">{\"@context\":\"https:\\\/\\\/schema.org\",\"@graph\":[{\"@type\":\"WebPage\",\"@id\":\"https:\\\/\\\/ehasa.org\\\/fi\\\/palvelut\\\/\",\"url\":\"https:\\\/\\\/ehasa.org\\\/fi\\\/palvelut\\\/\",\"name\":\"Palvelut - Ehasa\",\"isPartOf\":{\"@id\":\"https:\\\/\\\/ehasa.org\\\/fi\\\/#website\"},\"primaryImageOfPage\":{\"@id\":\"https:\\\/\\\/ehasa.org\\\/fi\\\/palvelut\\\/#primaryimage\"},\"image\":{\"@id\":\"https:\\\/\\\/ehasa.org\\\/fi\\\/palvelut\\\/#primaryimage\"},\"thumbnailUrl\":\"https:\\\/\\\/ehasa.org\\\/wp-content\\\/uploads\\\/2022\\\/08\\\/kuulaportti2-0.png\",\"datePublished\":\"2022-08-15T23:25:04+00:00\",\"dateModified\":\"2024-11-11T19:11:55+00:00\",\"description\":\"Olemme kehitt\u00e4neet paljon hy\u00f6dyllisi\u00e4 palveluja, jotka helpottavat tapahtumien j\u00e4rjest\u00e4mist\u00e4. Suosituin niist\u00e4 on Kuulaportti.\",\"breadcrumb\":{\"@id\":\"https:\\\/\\\/ehasa.org\\\/fi\\\/palvelut\\\/#breadcrumb\"},\"inLanguage\":\"fi\",\"potentialAction\":[{\"@type\":\"ReadAction\",\"target\":[\"https:\\\/\\\/ehasa.org\\\/fi\\\/palvelut\\\/\"]}]},{\"@type\":\"ImageObject\",\"inLanguage\":\"fi\",\"@id\":\"https:\\\/\\\/ehasa.org\\\/fi\\\/palvelut\\\/#primaryimage\",\"url\":\"https:\\\/\\\/ehasa.org\\\/wp-content\\\/uploads\\\/2022\\\/08\\\/kuulaportti2-0.png\",\"contentUrl\":\"https:\\\/\\\/ehasa.org\\\/wp-content\\\/uploads\\\/2022\\\/08\\\/kuulaportti2-0.png\"},{\"@type\":\"BreadcrumbList\",\"@id\":\"https:\\\/\\\/ehasa.org\\\/fi\\\/palvelut\\\/#breadcrumb\",\"itemListElement\":[{\"@type\":\"ListItem\",\"position\":1,\"name\":\"Etusivu\",\"item\":\"https:\\\/\\\/ehasa.org\\\/fi\\\/\"},{\"@type\":\"ListItem\",\"position\":2,\"name\":\"Palvelut\"}]},{\"@type\":\"WebSite\",\"@id\":\"https:\\\/\\\/ehasa.org\\\/fi\\\/#website\",\"url\":\"https:\\\/\\\/ehasa.org\\\/fi\\\/\",\"name\":\"Ehasa\",\"description\":\"a registered association whose task is to organize airsoft events in Finland\",\"publisher\":{\"@id\":\"https:\\\/\\\/ehasa.org\\\/fi\\\/#organization\"},\"potentialAction\":[{\"@type\":\"SearchAction\",\"target\":{\"@type\":\"EntryPoint\",\"urlTemplate\":\"https:\\\/\\\/ehasa.org\\\/fi\\\/?s={search_term_string}\"},\"query-input\":{\"@type\":\"PropertyValueSpecification\",\"valueRequired\":true,\"valueName\":\"search_term_string\"}}],\"inLanguage\":\"fi\"},{\"@type\":\"Organization\",\"@id\":\"https:\\\/\\\/ehasa.org\\\/fi\\\/#organization\",\"name\":\"Ehasa\",\"url\":\"https:\\\/\\\/ehasa.org\\\/fi\\\/\",\"logo\":{\"@type\":\"ImageObject\",\"inLanguage\":\"fi\",\"@id\":\"https:\\\/\\\/ehasa.org\\\/fi\\\/#\\\/schema\\\/logo\\\/image\\\/\",\"url\":\"https:\\\/\\\/ehasa.org\\\/wp-content\\\/uploads\\\/2022\\\/07\\\/ehasa_logo.png\",\"contentUrl\":\"https:\\\/\\\/ehasa.org\\\/wp-content\\\/uploads\\\/2022\\\/07\\\/ehasa_logo.png\",\"width\":200,\"height\":168,\"caption\":\"Ehasa\"},\"image\":{\"@id\":\"https:\\\/\\\/ehasa.org\\\/fi\\\/#\\\/schema\\\/logo\\\/image\\\/\"},\"sameAs\":[\"https:\\\/\\\/www.facebook.com\\\/EhasaRy\\\/\",\"https:\\\/\\\/x.com\\\/ehasary\",\"https:\\\/\\\/www.instagram.com\\\/ehasa_ry\\\/\",\"https:\\\/\\\/www.youtube.com\\\/c\\\/Ellimummo\",\"https:\\\/\\\/discord.gg\\\/duXzgDRmDs\"]}]}<\/script>\n<!-- \/ Yoast SEO plugin. -->","yoast_head_json":{"title":"Palvelut - Ehasa","description":"Olemme kehitt\u00e4neet paljon hy\u00f6dyllisi\u00e4 palveluja, jotka helpottavat tapahtumien j\u00e4rjest\u00e4mist\u00e4. Suosituin niist\u00e4 on Kuulaportti.","robots":{"index":"index","follow":"follow","max-snippet":"max-snippet:-1","max-image-preview":"max-image-preview:large","max-video-preview":"max-video-preview:-1"},"canonical":"https:\/\/ehasa.org\/fi\/palvelut\/","og_locale":"fi_FI","og_type":"article","og_title":"Palvelut - Ehasa","og_description":"Olemme kehitt\u00e4neet paljon hy\u00f6dyllisi\u00e4 palveluja, jotka helpottavat tapahtumien j\u00e4rjest\u00e4mist\u00e4. Suosituin niist\u00e4 on Kuulaportti.","og_url":"https:\/\/ehasa.org\/fi\/palvelut\/","og_site_name":"Ehasa","article_publisher":"https:\/\/www.facebook.com\/EhasaRy\/","article_modified_time":"2024-11-11T19:11:55+00:00","og_image":[{"url":"https:\/\/ehasa.org\/wp-content\/uploads\/2022\/08\/kuulaportti2-0.png","type":"","width":"","height":""}],"twitter_card":"summary_large_image","twitter_site":"@ehasary","twitter_misc":{"Arvioitu lukuaika":"3 minuuttia"},"schema":{"@context":"https:\/\/schema.org","@graph":[{"@type":"WebPage","@id":"https:\/\/ehasa.org\/fi\/palvelut\/","url":"https:\/\/ehasa.org\/fi\/palvelut\/","name":"Palvelut - Ehasa","isPartOf":{"@id":"https:\/\/ehasa.org\/fi\/#website"},"primaryImageOfPage":{"@id":"https:\/\/ehasa.org\/fi\/palvelut\/#primaryimage"},"image":{"@id":"https:\/\/ehasa.org\/fi\/palvelut\/#primaryimage"},"thumbnailUrl":"https:\/\/ehasa.org\/wp-content\/uploads\/2022\/08\/kuulaportti2-0.png","datePublished":"2022-08-15T23:25:04+00:00","dateModified":"2024-11-11T19:11:55+00:00","description":"Olemme kehitt\u00e4neet paljon hy\u00f6dyllisi\u00e4 palveluja, jotka helpottavat tapahtumien j\u00e4rjest\u00e4mist\u00e4. Suosituin niist\u00e4 on Kuulaportti.","breadcrumb":{"@id":"https:\/\/ehasa.org\/fi\/palvelut\/#breadcrumb"},"inLanguage":"fi","potentialAction":[{"@type":"ReadAction","target":["https:\/\/ehasa.org\/fi\/palvelut\/"]}]},{"@type":"ImageObject","inLanguage":"fi","@id":"https:\/\/ehasa.org\/fi\/palvelut\/#primaryimage","url":"https:\/\/ehasa.org\/wp-content\/uploads\/2022\/08\/kuulaportti2-0.png","contentUrl":"https:\/\/ehasa.org\/wp-content\/uploads\/2022\/08\/kuulaportti2-0.png"},{"@type":"BreadcrumbList","@id":"https:\/\/ehasa.org\/fi\/palvelut\/#breadcrumb","itemListElement":[{"@type":"ListItem","position":1,"name":"Etusivu","item":"https:\/\/ehasa.org\/fi\/"},{"@type":"ListItem","position":2,"name":"Palvelut"}]},{"@type":"WebSite","@id":"https:\/\/ehasa.org\/fi\/#website","url":"https:\/\/ehasa.org\/fi\/","name":"Ehasa","description":"a registered association whose task is to organize airsoft events in Finland","publisher":{"@id":"https:\/\/ehasa.org\/fi\/#organization"},"potentialAction":[{"@type":"SearchAction","target":{"@type":"EntryPoint","urlTemplate":"https:\/\/ehasa.org\/fi\/?s={search_term_string}"},"query-input":{"@type":"PropertyValueSpecification","valueRequired":true,"valueName":"search_term_string"}}],"inLanguage":"fi"},{"@type":"Organization","@id":"https:\/\/ehasa.org\/fi\/#organization","name":"Ehasa","url":"https:\/\/ehasa.org\/fi\/","logo":{"@type":"ImageObject","inLanguage":"fi","@id":"https:\/\/ehasa.org\/fi\/#\/schema\/logo\/image\/","url":"https:\/\/ehasa.org\/wp-content\/uploads\/2022\/07\/ehasa_logo.png","contentUrl":"https:\/\/ehasa.org\/wp-content\/uploads\/2022\/07\/ehasa_logo.png","width":200,"height":168,"caption":"Ehasa"},"image":{"@id":"https:\/\/ehasa.org\/fi\/#\/schema\/logo\/image\/"},"sameAs":["https:\/\/www.facebook.com\/EhasaRy\/","https:\/\/x.com\/ehasary","https:\/\/www.instagram.com\/ehasa_ry\/","https:\/\/www.youtube.com\/c\/Ellimummo","https:\/\/discord.gg\/duXzgDRmDs"]}]}},"_links":{"self":[{"href":"https:\/\/ehasa.org\/fi\/wp-json\/wp\/v2\/pages\/9683","targetHints":{"allow":["GET"]}}],"collection":[{"href":"https:\/\/ehasa.org\/fi\/wp-json\/wp\/v2\/pages"}],"about":[{"href":"https:\/\/ehasa.org\/fi\/wp-json\/wp\/v2\/types\/page"}],"author":[{"embeddable":true,"href":"https:\/\/ehasa.org\/fi\/wp-json\/wp\/v2\/users\/1"}],"replies":[{"embeddable":true,"href":"https:\/\/ehasa.org\/fi\/wp-json\/wp\/v2\/comments?post=9683"}],"version-history":[{"count":1,"href":"https:\/\/ehasa.org\/fi\/wp-json\/wp\/v2\/pages\/9683\/revisions"}],"predecessor-version":[{"id":10716,"href":"https:\/\/ehasa.org\/fi\/wp-json\/wp\/v2\/pages\/9683\/revisions\/10716"}],"wp:attachment":[{"href":"https:\/\/ehasa.org\/fi\/wp-json\/wp\/v2\/media?parent=9683"}],"curies":[{"name":"wp","href":"https:\/\/api.w.org\/{rel}","templated":true}]}}