{"id":10635,"date":"2024-11-11T15:51:16","date_gmt":"2024-11-11T13:51:16","guid":{"rendered":"https:\/\/ehasa.org\/product\/laakintanauha-10kpl-paketti\/"},"modified":"2024-11-11T15:51:16","modified_gmt":"2024-11-11T13:51:16","slug":"laakintanauha-10kpl-paketti","status":"publish","type":"product","link":"https:\/\/ehasa.org\/fi\/tuote\/laakintanauha-10kpl-paketti\/","title":{"rendered":"L\u00e4\u00e4kint\u00e4nauha 10kpl paketti"},"content":{"rendered":"","protected":false},"excerpt":{"rendered":"","protected":false},"featured_media":9562,"template":"","meta":[],"product_brand":[],"product_cat":[171],"product_tag":[],"class_list":{"0":"post-10635","1":"product","2":"type-product","3":"status-publish","4":"has-post-thumbnail","6":"product_cat-hihanauhat","8":"first","9":"instock","10":"taxable","11":"shipping-taxable","12":"purchasable","13":"product-type-simple"},"yoast_head":"<!-- This site is optimized with the Yoast SEO plugin v27.3 - https:\/\/yoast.com\/product\/yoast-seo-wordpress\/ -->\n<title>L\u00e4\u00e4kint\u00e4nauha 10kpl paketti - Ehasa<\/title>\n<meta name=\"description\" content=\"Voit helposti noutaa tuotteen &quot;L\u00e4\u00e4kint\u00e4nauha 10kpl paketti&quot; tapahtumistamme.\" \/>\n<meta name=\"robots\" content=\"index, follow, max-snippet:-1, max-image-preview:large, max-video-preview:-1\" \/>\n<link rel=\"canonical\" href=\"https:\/\/ehasa.org\/fi\/tuote\/laakintanauha-10kpl-paketti\/\" \/>\n<meta property=\"og:locale\" content=\"fi_FI\" \/>\n<meta property=\"og:type\" content=\"article\" \/>\n<meta property=\"og:title\" content=\"L\u00e4\u00e4kint\u00e4nauha 10kpl paketti - Ehasa\" \/>\n<meta property=\"og:description\" content=\"Voit helposti noutaa tuotteen &quot;L\u00e4\u00e4kint\u00e4nauha 10kpl paketti&quot; tapahtumistamme.\" \/>\n<meta property=\"og:url\" content=\"https:\/\/ehasa.org\/fi\/tuote\/laakintanauha-10kpl-paketti\/\" \/>\n<meta property=\"og:site_name\" content=\"Ehasa\" \/>\n<meta property=\"article:publisher\" content=\"https:\/\/www.facebook.com\/EhasaRy\/\" \/>\n<meta property=\"og:image\" content=\"https:\/\/ehasa.org\/wp-content\/uploads\/2022\/08\/zvrdgO0HEeapdtzRdBK8GA-i5vQZhDpEe2l4CHME0xlgg-scaled.jpeg\" \/>\n\t<meta property=\"og:image:width\" content=\"2560\" \/>\n\t<meta property=\"og:image:height\" content=\"2560\" \/>\n\t<meta property=\"og:image:type\" content=\"image\/jpeg\" \/>\n<meta name=\"twitter:card\" content=\"summary_large_image\" \/>\n<meta name=\"twitter:site\" content=\"@ehasary\" \/>\n<script type=\"application\/ld+json\" class=\"yoast-schema-graph\">{\"@context\":\"https:\\\/\\\/schema.org\",\"@graph\":[{\"@type\":\"WebPage\",\"@id\":\"https:\\\/\\\/ehasa.org\\\/fi\\\/tuote\\\/laakintanauha-10kpl-paketti\\\/\",\"url\":\"https:\\\/\\\/ehasa.org\\\/fi\\\/tuote\\\/laakintanauha-10kpl-paketti\\\/\",\"name\":\"L\u00e4\u00e4kint\u00e4nauha 10kpl paketti - Ehasa\",\"isPartOf\":{\"@id\":\"https:\\\/\\\/ehasa.org\\\/fi\\\/#website\"},\"primaryImageOfPage\":{\"@id\":\"https:\\\/\\\/ehasa.org\\\/fi\\\/tuote\\\/laakintanauha-10kpl-paketti\\\/#primaryimage\"},\"image\":{\"@id\":\"https:\\\/\\\/ehasa.org\\\/fi\\\/tuote\\\/laakintanauha-10kpl-paketti\\\/#primaryimage\"},\"thumbnailUrl\":\"https:\\\/\\\/ehasa.org\\\/wp-content\\\/uploads\\\/2022\\\/08\\\/zvrdgO0HEeapdtzRdBK8GA-i5vQZhDpEe2l4CHME0xlgg-scaled.jpeg\",\"datePublished\":\"2024-11-11T13:51:16+00:00\",\"description\":\"Voit helposti noutaa tuotteen \\\"L\u00e4\u00e4kint\u00e4nauha 10kpl paketti\\\" tapahtumistamme.\",\"breadcrumb\":{\"@id\":\"https:\\\/\\\/ehasa.org\\\/fi\\\/tuote\\\/laakintanauha-10kpl-paketti\\\/#breadcrumb\"},\"inLanguage\":\"fi\",\"potentialAction\":[{\"@type\":\"ReadAction\",\"target\":[\"https:\\\/\\\/ehasa.org\\\/fi\\\/tuote\\\/laakintanauha-10kpl-paketti\\\/\"]}]},{\"@type\":\"ImageObject\",\"inLanguage\":\"fi\",\"@id\":\"https:\\\/\\\/ehasa.org\\\/fi\\\/tuote\\\/laakintanauha-10kpl-paketti\\\/#primaryimage\",\"url\":\"https:\\\/\\\/ehasa.org\\\/wp-content\\\/uploads\\\/2022\\\/08\\\/zvrdgO0HEeapdtzRdBK8GA-i5vQZhDpEe2l4CHME0xlgg-scaled.jpeg\",\"contentUrl\":\"https:\\\/\\\/ehasa.org\\\/wp-content\\\/uploads\\\/2022\\\/08\\\/zvrdgO0HEeapdtzRdBK8GA-i5vQZhDpEe2l4CHME0xlgg-scaled.jpeg\",\"width\":2560,\"height\":2560},{\"@type\":\"BreadcrumbList\",\"@id\":\"https:\\\/\\\/ehasa.org\\\/fi\\\/tuote\\\/laakintanauha-10kpl-paketti\\\/#breadcrumb\",\"itemListElement\":[{\"@type\":\"ListItem\",\"position\":1,\"name\":\"Etusivu\",\"item\":\"https:\\\/\\\/ehasa.org\\\/fi\\\/\"},{\"@type\":\"ListItem\",\"position\":2,\"name\":\"Shop\",\"item\":\"https:\\\/\\\/ehasa.org\\\/shop\\\/\"},{\"@type\":\"ListItem\",\"position\":3,\"name\":\"L\u00e4\u00e4kint\u00e4nauha 10kpl paketti\"}]},{\"@type\":\"WebSite\",\"@id\":\"https:\\\/\\\/ehasa.org\\\/fi\\\/#website\",\"url\":\"https:\\\/\\\/ehasa.org\\\/fi\\\/\",\"name\":\"Ehasa\",\"description\":\"a registered association whose task is to organize airsoft events in Finland\",\"publisher\":{\"@id\":\"https:\\\/\\\/ehasa.org\\\/fi\\\/#organization\"},\"potentialAction\":[{\"@type\":\"SearchAction\",\"target\":{\"@type\":\"EntryPoint\",\"urlTemplate\":\"https:\\\/\\\/ehasa.org\\\/fi\\\/?s={search_term_string}\"},\"query-input\":{\"@type\":\"PropertyValueSpecification\",\"valueRequired\":true,\"valueName\":\"search_term_string\"}}],\"inLanguage\":\"fi\"},{\"@type\":\"Organization\",\"@id\":\"https:\\\/\\\/ehasa.org\\\/fi\\\/#organization\",\"name\":\"Ehasa\",\"url\":\"https:\\\/\\\/ehasa.org\\\/fi\\\/\",\"logo\":{\"@type\":\"ImageObject\",\"inLanguage\":\"fi\",\"@id\":\"https:\\\/\\\/ehasa.org\\\/fi\\\/#\\\/schema\\\/logo\\\/image\\\/\",\"url\":\"https:\\\/\\\/ehasa.org\\\/wp-content\\\/uploads\\\/2022\\\/07\\\/ehasa_logo.png\",\"contentUrl\":\"https:\\\/\\\/ehasa.org\\\/wp-content\\\/uploads\\\/2022\\\/07\\\/ehasa_logo.png\",\"width\":200,\"height\":168,\"caption\":\"Ehasa\"},\"image\":{\"@id\":\"https:\\\/\\\/ehasa.org\\\/fi\\\/#\\\/schema\\\/logo\\\/image\\\/\"},\"sameAs\":[\"https:\\\/\\\/www.facebook.com\\\/EhasaRy\\\/\",\"https:\\\/\\\/x.com\\\/ehasary\",\"https:\\\/\\\/www.instagram.com\\\/ehasa_ry\\\/\",\"https:\\\/\\\/www.youtube.com\\\/c\\\/Ellimummo\",\"https:\\\/\\\/discord.gg\\\/duXzgDRmDs\"]}]}<\/script>\n<!-- \/ Yoast SEO plugin. -->","yoast_head_json":{"title":"L\u00e4\u00e4kint\u00e4nauha 10kpl paketti - Ehasa","description":"Voit helposti noutaa tuotteen \"L\u00e4\u00e4kint\u00e4nauha 10kpl paketti\" tapahtumistamme.","robots":{"index":"index","follow":"follow","max-snippet":"max-snippet:-1","max-image-preview":"max-image-preview:large","max-video-preview":"max-video-preview:-1"},"canonical":"https:\/\/ehasa.org\/fi\/tuote\/laakintanauha-10kpl-paketti\/","og_locale":"fi_FI","og_type":"article","og_title":"L\u00e4\u00e4kint\u00e4nauha 10kpl paketti - Ehasa","og_description":"Voit helposti noutaa tuotteen \"L\u00e4\u00e4kint\u00e4nauha 10kpl paketti\" tapahtumistamme.","og_url":"https:\/\/ehasa.org\/fi\/tuote\/laakintanauha-10kpl-paketti\/","og_site_name":"Ehasa","article_publisher":"https:\/\/www.facebook.com\/EhasaRy\/","og_image":[{"width":2560,"height":2560,"url":"https:\/\/ehasa.org\/wp-content\/uploads\/2022\/08\/zvrdgO0HEeapdtzRdBK8GA-i5vQZhDpEe2l4CHME0xlgg-scaled.jpeg","type":"image\/jpeg"}],"twitter_card":"summary_large_image","twitter_site":"@ehasary","schema":{"@context":"https:\/\/schema.org","@graph":[{"@type":"WebPage","@id":"https:\/\/ehasa.org\/fi\/tuote\/laakintanauha-10kpl-paketti\/","url":"https:\/\/ehasa.org\/fi\/tuote\/laakintanauha-10kpl-paketti\/","name":"L\u00e4\u00e4kint\u00e4nauha 10kpl paketti - Ehasa","isPartOf":{"@id":"https:\/\/ehasa.org\/fi\/#website"},"primaryImageOfPage":{"@id":"https:\/\/ehasa.org\/fi\/tuote\/laakintanauha-10kpl-paketti\/#primaryimage"},"image":{"@id":"https:\/\/ehasa.org\/fi\/tuote\/laakintanauha-10kpl-paketti\/#primaryimage"},"thumbnailUrl":"https:\/\/ehasa.org\/wp-content\/uploads\/2022\/08\/zvrdgO0HEeapdtzRdBK8GA-i5vQZhDpEe2l4CHME0xlgg-scaled.jpeg","datePublished":"2024-11-11T13:51:16+00:00","description":"Voit helposti noutaa tuotteen \"L\u00e4\u00e4kint\u00e4nauha 10kpl paketti\" tapahtumistamme.","breadcrumb":{"@id":"https:\/\/ehasa.org\/fi\/tuote\/laakintanauha-10kpl-paketti\/#breadcrumb"},"inLanguage":"fi","potentialAction":[{"@type":"ReadAction","target":["https:\/\/ehasa.org\/fi\/tuote\/laakintanauha-10kpl-paketti\/"]}]},{"@type":"ImageObject","inLanguage":"fi","@id":"https:\/\/ehasa.org\/fi\/tuote\/laakintanauha-10kpl-paketti\/#primaryimage","url":"https:\/\/ehasa.org\/wp-content\/uploads\/2022\/08\/zvrdgO0HEeapdtzRdBK8GA-i5vQZhDpEe2l4CHME0xlgg-scaled.jpeg","contentUrl":"https:\/\/ehasa.org\/wp-content\/uploads\/2022\/08\/zvrdgO0HEeapdtzRdBK8GA-i5vQZhDpEe2l4CHME0xlgg-scaled.jpeg","width":2560,"height":2560},{"@type":"BreadcrumbList","@id":"https:\/\/ehasa.org\/fi\/tuote\/laakintanauha-10kpl-paketti\/#breadcrumb","itemListElement":[{"@type":"ListItem","position":1,"name":"Etusivu","item":"https:\/\/ehasa.org\/fi\/"},{"@type":"ListItem","position":2,"name":"Shop","item":"https:\/\/ehasa.org\/shop\/"},{"@type":"ListItem","position":3,"name":"L\u00e4\u00e4kint\u00e4nauha 10kpl paketti"}]},{"@type":"WebSite","@id":"https:\/\/ehasa.org\/fi\/#website","url":"https:\/\/ehasa.org\/fi\/","name":"Ehasa","description":"a registered association whose task is to organize airsoft events in Finland","publisher":{"@id":"https:\/\/ehasa.org\/fi\/#organization"},"potentialAction":[{"@type":"SearchAction","target":{"@type":"EntryPoint","urlTemplate":"https:\/\/ehasa.org\/fi\/?s={search_term_string}"},"query-input":{"@type":"PropertyValueSpecification","valueRequired":true,"valueName":"search_term_string"}}],"inLanguage":"fi"},{"@type":"Organization","@id":"https:\/\/ehasa.org\/fi\/#organization","name":"Ehasa","url":"https:\/\/ehasa.org\/fi\/","logo":{"@type":"ImageObject","inLanguage":"fi","@id":"https:\/\/ehasa.org\/fi\/#\/schema\/logo\/image\/","url":"https:\/\/ehasa.org\/wp-content\/uploads\/2022\/07\/ehasa_logo.png","contentUrl":"https:\/\/ehasa.org\/wp-content\/uploads\/2022\/07\/ehasa_logo.png","width":200,"height":168,"caption":"Ehasa"},"image":{"@id":"https:\/\/ehasa.org\/fi\/#\/schema\/logo\/image\/"},"sameAs":["https:\/\/www.facebook.com\/EhasaRy\/","https:\/\/x.com\/ehasary","https:\/\/www.instagram.com\/ehasa_ry\/","https:\/\/www.youtube.com\/c\/Ellimummo","https:\/\/discord.gg\/duXzgDRmDs"]}]}},"_links":{"self":[{"href":"https:\/\/ehasa.org\/fi\/wp-json\/wp\/v2\/product\/10635","targetHints":{"allow":["GET"]}}],"collection":[{"href":"https:\/\/ehasa.org\/fi\/wp-json\/wp\/v2\/product"}],"about":[{"href":"https:\/\/ehasa.org\/fi\/wp-json\/wp\/v2\/types\/product"}],"wp:featuredmedia":[{"embeddable":true,"href":"https:\/\/ehasa.org\/fi\/wp-json\/wp\/v2\/media\/9562"}],"wp:attachment":[{"href":"https:\/\/ehasa.org\/fi\/wp-json\/wp\/v2\/media?parent=10635"}],"wp:term":[{"taxonomy":"product_brand","embeddable":true,"href":"https:\/\/ehasa.org\/fi\/wp-json\/wp\/v2\/product_brand?post=10635"},{"taxonomy":"product_cat","embeddable":true,"href":"https:\/\/ehasa.org\/fi\/wp-json\/wp\/v2\/product_cat?post=10635"},{"taxonomy":"product_tag","embeddable":true,"href":"https:\/\/ehasa.org\/fi\/wp-json\/wp\/v2\/product_tag?post=10635"}],"curies":[{"name":"wp","href":"https:\/\/api.w.org\/{rel}","templated":true}]}}